{"id":2,"date":"2011-12-09T12:19:13","date_gmt":"2011-12-09T12:19:13","guid":{"rendered":"http:\/\/www.tangoembrace.ro\/?page_id=2"},"modified":"2014-04-26T13:02:58","modified_gmt":"2014-04-26T11:02:58","slug":"2-2","status":"publish","type":"page","link":"http:\/\/www.tangoembrace.ro\/?page_id=2","title":{"rendered":"Despre Tango Embrace"},"content":{"rendered":"<div class=\"fcbkbttn_buttons_block\" id=\"fcbkbttn_left\"><div class=\"fcbkbttn_button\">\n                            <a href=\"https:\/\/www.facebook.com\/\" target=\"_blank\">\n                                <img decoding=\"async\" src=\"http:\/\/www.tangoembrace.ro\/wp-content\/plugins\/facebook-button-plugin\/images\/standard-facebook-ico.png\" alt=\"Fb-Button\" \/>\n                            <\/a>\n                        <\/div><div class=\"fcbkbttn_like \"><fb:like href=\"http:\/\/www.tangoembrace.ro\/?page_id=2\" action=\"like\" colorscheme=\"light\" layout=\"standard\"  width=\"225px\" size=\"small\"><\/fb:like><\/div><\/div><p>S\u0103 vrei s\u0103 descrii tangoul e ca \u015fi cum ai vrea s\u0103-i poveste\u015fti unui copil lipsit de darul vederii despre frumuse\u0163ea unui c\u00e2mp de maci \u00eenflori\u0163i \u00een amiaza unei zile de var\u0103, cu un cer albastru pe care se odihnesc r\u0103sfira\u0163i ni\u015fte nori pufo\u015fi&#8230; Ai putea s\u0103 duci copilul acolo, s\u0103 simt\u0103 atingerea catifelat\u0103 a macilor \u015fi s\u0103 adulmece miresmele c\u00e2mpului \u00eenflorit, dar armonia culorilor cum o descrii?<\/p>\n<p>Prin cuvinte \u00eendep\u0103rtezi tangoul de tot ce \u00eenseamn\u0103 el&#8230;<\/p>\n<p>Cu tangoul e ca \u015fi cu iubirea: unii nu au cunoscut-o \u00eenc\u0103 \u015fi pentru ei e teorie pur\u0103, in timp ce pentru al\u0163ii e totul, e via\u0163a lor. \u00centre cele dou\u0103 extreme, miliarde de sensuri&#8230;<\/p>\n<p>Cum s\u0103 descrii fericirea, pacea sau fiorul pe care le sim\u0163i \u00een bra\u0163ele celuilalt?<\/p>\n<p>Sau mirarea de a \u00een\u0163elege \u00eentreb\u0103rile \u015fi r\u0103spunsurile celuilalt f\u0103r\u0103 ca vreunul s\u0103 fi rostit ceva? Ai zice c\u0103 e limbajul trupului, dar cu c\u00e2t practici mai mult, cu at\u00e2t mai bine vei \u015fti s\u0103 pui \u00eentreb\u0103ri \u015fi s\u0103 dai r\u0103spunsuri, chiar \u015fi f\u0103r\u0103 gesturi&#8230; Ai putea crede c\u0103 ai \u00eenceput s\u0103 cite\u015fti g\u00e2nduri&#8230; Da, \u00eencepi s\u0103 te apropii&#8230;, dar adev\u0103rul e al fiec\u0103ruia \u015fi e dincolo de cuvinte, dincolo de tango, undeva \u00een alt\u0103 dimensiune&#8230;<\/p>\n<p>Orice \u0163i-ar spune cineva despre tango, tr\u0103indu-l vei descoperi \u00een permanen\u0163\u0103 valen\u0163e noi.<\/p>\n<p>E singurul dans pe care \u00eel po\u0163i practica la orice v\u00e2rst\u0103, indiferent c\u00e2t de \u00eenaintat\u0103 ar fi ea. Ba chiar cu cat varsta e mai inaintata, cu at\u00e2t po\u0163i face un dans mai frumos. Pentru c\u0103 \u00een tango pui tot ce ai \u00eenv\u0103\u0163at \u00een via\u0163\u0103, \u015fi bune \u015fi mai pu\u0163in bune, \u015fi din tango \u00eenve\u0163i tot ce via\u0163a nu te-a \u00eenv\u0103\u0163at p\u00e2n\u0103 acum&#8230;<\/p>\n<p>E un dans al vie\u0163ii.<\/p>\n<object type=\"application\/x-shockwave-flash\" width=\"615\" height=\"432\" data=\"http:\/\/getembedplus.com\/embedplus.swf\" id=\"ep8269\">\r<param value=\"http:\/\/getembedplus.com\/embedplus.swf\" name=\"movie\" \/>\r<param value=\"high\" name=\"quality\" \/>\r<param value=\"transparent\" name=\"wmode\" \/>\r<param value=\"always\" name=\"allowscriptaccess\" \/>\r<param value=\"true\" name=\"allowFullScreen\" \/>\r<param name=\"flashvars\" value=\"ytid=CpjzkXdxJkA&width=615&height=400&start=&stop=&rs=w&hd=1&autoplay=0&react=1&chapters=&notes=&emb=0&amp;rs=w\" \/>\r<iframe loading=\"lazy\" class=\"cantembedplus\" title=\"YouTube video player\" width=\"615\" height=\"400\" src=\"http:\/\/www.youtube.com\/embed\/CpjzkXdxJkA?fs=1&vq=hd720\" frameborder=\"0\" allowfullscreen><\/iframe>\r<\/object>\r<!--[if lte IE 6]> <style type=\"text\/css\">.cantembedplus{display:none;}<\/style><![endif]-->\n<p>&nbsp;<\/p>\n","protected":false},"excerpt":{"rendered":"<p>S\u0103 vrei s\u0103 descrii tangoul e ca \u015fi cum ai vrea s\u0103-i poveste\u015fti unui copil lipsit de darul vederii despre frumuse\u0163ea unui c\u00e2mp de maci \u00eenflori\u0163i \u00een amiaza unei zile de var\u0103, cu un cer albastru pe care se odihnesc r\u0103sfira\u0163i ni\u015fte nori pufo\u015fi&#8230; Ai putea s\u0103 duci copilul acolo, s\u0103 simt\u0103 atingerea catifelat\u0103 a [&hellip;]<\/p>\n","protected":false},"author":1,"featured_media":0,"parent":0,"menu_order":0,"comment_status":"closed","ping_status":"closed","template":"","meta":{"ngg_post_thumbnail":0,"footnotes":""},"class_list":["post-2","page","type-page","status-publish","hentry"],"_links":{"self":[{"href":"http:\/\/www.tangoembrace.ro\/index.php?rest_route=\/wp\/v2\/pages\/2","targetHints":{"allow":["GET"]}}],"collection":[{"href":"http:\/\/www.tangoembrace.ro\/index.php?rest_route=\/wp\/v2\/pages"}],"about":[{"href":"http:\/\/www.tangoembrace.ro\/index.php?rest_route=\/wp\/v2\/types\/page"}],"author":[{"embeddable":true,"href":"http:\/\/www.tangoembrace.ro\/index.php?rest_route=\/wp\/v2\/users\/1"}],"replies":[{"embeddable":true,"href":"http:\/\/www.tangoembrace.ro\/index.php?rest_route=%2Fwp%2Fv2%2Fcomments&post=2"}],"version-history":[{"count":21,"href":"http:\/\/www.tangoembrace.ro\/index.php?rest_route=\/wp\/v2\/pages\/2\/revisions"}],"predecessor-version":[{"id":12,"href":"http:\/\/www.tangoembrace.ro\/index.php?rest_route=\/wp\/v2\/pages\/2\/revisions\/12"}],"wp:attachment":[{"href":"http:\/\/www.tangoembrace.ro\/index.php?rest_route=%2Fwp%2Fv2%2Fmedia&parent=2"}],"curies":[{"name":"wp","href":"https:\/\/api.w.org\/{rel}","templated":true}]}}